{"id":5411,"date":"2022-04-30T14:41:49","date_gmt":"2022-04-30T12:41:49","guid":{"rendered":"https:\/\/primestar-hotels.com\/?page_id=5411"},"modified":"2025-02-17T18:35:47","modified_gmt":"2025-02-17T17:35:47","slug":"work","status":"publish","type":"page","link":"https:\/\/primestar-hotels.com\/en\/work\/","title":{"rendered":"Work"},"content":{"rendered":"<div data-elementor-type=\"wp-page\" data-elementor-id=\"5411\" class=\"elementor elementor-5411\" data-elementor-post-type=\"page\">\n\t\t\t\t\t\t<section class=\"elementor-section elementor-top-section elementor-element elementor-element-daa1e3b elementor-section-boxed elementor-section-height-default elementor-section-height-default\" data-id=\"daa1e3b\" data-element_type=\"section\" data-e-type=\"section\">\n\t\t\t\t\t\t<div class=\"elementor-container elementor-column-gap-no\">\n\t\t\t\t\t<div class=\"elementor-column elementor-col-100 elementor-top-column elementor-element elementor-element-7a48dbb\" data-id=\"7a48dbb\" data-element_type=\"column\" data-e-type=\"column\">\n\t\t\t<div class=\"elementor-widget-wrap\">\n\t\t\t\t\t\t\t<\/div>\n\t\t<\/div>\n\t\t\t\t\t<\/div>\n\t\t<\/section>\n\t\t\t\t<section class=\"elementor-section elementor-top-section elementor-element elementor-element-8207b61 elementor-section-stretched elementor-section-full_width elementor-section-height-default elementor-section-height-default\" data-id=\"8207b61\" data-element_type=\"section\" data-e-type=\"section\" data-settings=\"{&quot;stretch_section&quot;:&quot;section-stretched&quot;,&quot;background_background&quot;:&quot;classic&quot;}\">\n\t\t\t\t\t\t<div class=\"elementor-container elementor-column-gap-no\">\n\t\t\t\t\t<div class=\"elementor-column elementor-col-100 elementor-top-column elementor-element elementor-element-f404da0\" data-id=\"f404da0\" data-element_type=\"column\" data-e-type=\"column\">\n\t\t\t<div class=\"elementor-widget-wrap elementor-element-populated\">\n\t\t\t\t\t\t<div class=\"elementor-element elementor-element-53d0a0b elementor-widget elementor-widget-image\" data-id=\"53d0a0b\" data-element_type=\"widget\" data-e-type=\"widget\" data-widget_type=\"image.default\">\n\t\t\t\t<div class=\"elementor-widget-container\">\n\t\t\t\t\t\t\t\t\t\t\t\t\t\t\t<img decoding=\"async\" width=\"300\" height=\"126\" src=\"https:\/\/primestar-hotels.com\/wp-content\/uploads\/2022\/04\/WorX_SPACE_Logo_END_black-300x126.png\" class=\"attachment-medium size-medium wp-image-5503\" alt=\"\" srcset=\"https:\/\/primestar-hotels.com\/wp-content\/uploads\/2022\/04\/WorX_SPACE_Logo_END_black-300x126.png 300w, https:\/\/primestar-hotels.com\/wp-content\/uploads\/2022\/04\/WorX_SPACE_Logo_END_black-18x8.png 18w, https:\/\/primestar-hotels.com\/wp-content\/uploads\/2022\/04\/WorX_SPACE_Logo_END_black.png 688w\" sizes=\"(max-width: 300px) 100vw, 300px\" \/>\t\t\t\t\t\t\t\t\t\t\t\t\t\t\t<\/div>\n\t\t\t\t<\/div>\n\t\t\t\t\t<\/div>\n\t\t<\/div>\n\t\t\t\t\t<\/div>\n\t\t<\/section>\n\t\t\t\t<section class=\"elementor-section elementor-top-section elementor-element elementor-element-4318144 elementor-section-boxed elementor-section-height-default elementor-section-height-default\" data-id=\"4318144\" data-element_type=\"section\" data-e-type=\"section\">\n\t\t\t\t\t\t<div class=\"elementor-container elementor-column-gap-default\">\n\t\t\t\t\t<div class=\"elementor-column elementor-col-50 elementor-top-column elementor-element elementor-element-24f462f\" data-id=\"24f462f\" data-element_type=\"column\" data-e-type=\"column\">\n\t\t\t<div class=\"elementor-widget-wrap elementor-element-populated\">\n\t\t\t\t\t\t<div class=\"elementor-element elementor-element-f96b60a elementor-widget-tablet__width-initial elementor-skin-carousel elementor-arrows-yes elementor-pagination-type-bullets elementor-pagination-position-outside elementor-widget elementor-widget-media-carousel\" data-id=\"f96b60a\" data-element_type=\"widget\" data-e-type=\"widget\" data-settings=\"{&quot;slides_per_view&quot;:&quot;1&quot;,&quot;slides_per_view_tablet&quot;:&quot;1&quot;,&quot;slides_to_scroll_tablet&quot;:&quot;5&quot;,&quot;skin&quot;:&quot;carousel&quot;,&quot;effect&quot;:&quot;slide&quot;,&quot;show_arrows&quot;:&quot;yes&quot;,&quot;pagination&quot;:&quot;bullets&quot;,&quot;speed&quot;:500,&quot;autoplay&quot;:&quot;yes&quot;,&quot;autoplay_speed&quot;:5000,&quot;loop&quot;:&quot;yes&quot;,&quot;pause_on_hover&quot;:&quot;yes&quot;,&quot;pause_on_interaction&quot;:&quot;yes&quot;,&quot;space_between&quot;:{&quot;unit&quot;:&quot;px&quot;,&quot;size&quot;:10,&quot;sizes&quot;:[]},&quot;space_between_tablet&quot;:{&quot;unit&quot;:&quot;px&quot;,&quot;size&quot;:10,&quot;sizes&quot;:[]},&quot;space_between_mobile&quot;:{&quot;unit&quot;:&quot;px&quot;,&quot;size&quot;:10,&quot;sizes&quot;:[]}}\" data-widget_type=\"media-carousel.default\">\n\t\t\t\t<div class=\"elementor-widget-container\">\n\t\t\t\t\t\t\t\t\t<div class=\"elementor-swiper\">\n\t\t\t\t\t<div class=\"elementor-main-swiper swiper\" role=\"region\" aria-roledescription=\"carousel\" aria-label=\"Slider\">\n\t\t\t\t<div class=\"swiper-wrapper\">\n\t\t\t\t\t\t\t\t\t\t\t<div class=\"swiper-slide\" role=\"group\" aria-roledescription=\"slide\">\n\t\t\t\t\t\t\t<a href=\"https:\/\/worx-space-hannover.cobot.me\/\">\t\t<div class=\"elementor-carousel-image\" role=\"img\" aria-label=\"WorX Hannover Co Working Space\" style=\"background-image: url(&#039;https:\/\/primestar-hotels.com\/wp-content\/uploads\/2025\/02\/WorX-Hannover-Co-Working-Space.png&#039;)\">\n\n\t\t\t\n\t\t\t\t\t<\/div>\n\t\t<\/a>\t\t\t\t\t\t<\/div>\n\t\t\t\t\t\t\t\t\t\t\t<div class=\"swiper-slide\" role=\"group\" aria-roledescription=\"slide\">\n\t\t\t\t\t\t\t<a href=\"https:\/\/worx-space-hannover.cobot.me\/\">\t\t<div class=\"elementor-carousel-image\" role=\"img\" aria-label=\"WorX Hannover Meeting Pod\" style=\"background-image: url(&#039;https:\/\/primestar-hotels.com\/wp-content\/uploads\/2025\/02\/WorX-Hannover-Meeting-Pod.png&#039;)\">\n\n\t\t\t\n\t\t\t\t\t<\/div>\n\t\t<\/a>\t\t\t\t\t\t<\/div>\n\t\t\t\t\t\t\t\t\t\t\t<div class=\"swiper-slide\" role=\"group\" aria-roledescription=\"slide\">\n\t\t\t\t\t\t\t<a href=\"https:\/\/worx-space-hannover.cobot.me\/\">\t\t<div class=\"elementor-carousel-image\" role=\"img\" aria-label=\"WorX Hannover Meeting Room\" style=\"background-image: url(&#039;https:\/\/primestar-hotels.com\/wp-content\/uploads\/2025\/02\/WorX-Hannover-Meeting-Room.png&#039;)\">\n\n\t\t\t\n\t\t\t\t\t<\/div>\n\t\t<\/a>\t\t\t\t\t\t<\/div>\n\t\t\t\t\t\t\t\t\t\t\t<div class=\"swiper-slide\" role=\"group\" aria-roledescription=\"slide\">\n\t\t\t\t\t\t\t<a href=\"https:\/\/worx-space-hannover.cobot.me\/\">\t\t<div class=\"elementor-carousel-image\" role=\"img\" aria-label=\"WorX Hannover Kitchen Space\" style=\"background-image: url(&#039;https:\/\/primestar-hotels.com\/wp-content\/uploads\/2025\/02\/WorX-Hannover-Kitchen-Space.png&#039;)\">\n\n\t\t\t\n\t\t\t\t\t<\/div>\n\t\t<\/a>\t\t\t\t\t\t<\/div>\n\t\t\t\t\t\t\t\t\t<\/div>\n\t\t\t\t\t\t\t\t\t\t\t\t\t\t\t<div class=\"elementor-swiper-button elementor-swiper-button-prev\" role=\"button\" tabindex=\"0\" aria-label=\"Previous\">\n\t\t\t\t\t\t\t<i aria-hidden=\"true\" class=\"eicon-chevron-left\"><\/i>\t\t\t\t\t\t<\/div>\n\t\t\t\t\t\t<div class=\"elementor-swiper-button elementor-swiper-button-next\" role=\"button\" tabindex=\"0\" aria-label=\"Next\">\n\t\t\t\t\t\t\t<i aria-hidden=\"true\" class=\"eicon-chevron-right\"><\/i>\t\t\t\t\t\t<\/div>\n\t\t\t\t\t\t\t\t\t\t\t\t\t\t\t\t<div class=\"swiper-pagination\"><\/div>\n\t\t\t\t\t\t\t\t\t\t\t\t<\/div>\n\t\t\t\t<\/div>\n\t\t\t\t\t\t\t\t<\/div>\n\t\t\t\t<\/div>\n\t\t\t\t\t<\/div>\n\t\t<\/div>\n\t\t\t\t<div class=\"elementor-column elementor-col-50 elementor-top-column elementor-element elementor-element-e0440ed\" data-id=\"e0440ed\" data-element_type=\"column\" data-e-type=\"column\">\n\t\t\t<div class=\"elementor-widget-wrap elementor-element-populated\">\n\t\t\t\t\t\t<div class=\"elementor-element elementor-element-7a47968 elementor-widget elementor-widget-text-editor\" data-id=\"7a47968\" data-element_type=\"widget\" data-e-type=\"widget\" data-widget_type=\"text-editor.default\">\n\t\t\t\t<div class=\"elementor-widget-container\">\n\t\t\t\t\t\t\t\t\t<p><strong>WorX<\/strong>\u00a0ist die exklusive Co-Working-Marke der\u00a0<strong>Primestar Group,<\/strong>\u00a0und feierte ihren erfolgreichen Start im\u00a0<strong>JuneSix Hannover<\/strong>. In naher Zukunft wird das innovative Konzept in allen\u00a0<strong>June Six<\/strong>&#8211; und\u00a0<strong>June Stay<\/strong>-Standorten sowie in den 17 bestehenden\u00a0<strong>Franchise-Hotels<\/strong>\u00a0der Gruppe eingef\u00fchrt.<\/p><p>Die WorX-R\u00e4umlichkeiten \u00fcberzeugen durch modern ausgestattete Schreibtische, flexible Co-Working-Fl\u00e4chen und professionelle Tagungsr\u00e4ume, die produktives Arbeiten in stilvollem Ambiente erm\u00f6glichen. Dar\u00fcber hinaus profitieren\u00a0<strong>Young Professionals<\/strong>\u00a0und Gesch\u00e4ftsreisende von den erstklassigen Hotel-Services \u2013 von Fitnessstudio und Bar bis hin zu weiteren Annehmlichkeiten, die Arbeit und Lifestyle nahtlos verbinden.<\/p>\t\t\t\t\t\t\t\t<\/div>\n\t\t\t\t<\/div>\n\t\t\t\t\t<\/div>\n\t\t<\/div>\n\t\t\t\t\t<\/div>\n\t\t<\/section>\n\t\t\t\t<\/div>","protected":false},"excerpt":{"rendered":"<p>WorX\u00a0ist die exklusive Co-Working-Marke der\u00a0Primestar Group\u00a0und feierte ihren erfolgreichen Start im\u00a0JuneSix Hannover. In naher Zukunft wird das innovative Konzept in allen\u00a0June Six&#8211; und\u00a0June Stay-Standorten sowie in den 17 bestehenden\u00a0Franchise-Hotels\u00a0der Gruppe eingef\u00fchrt. Die WorX-R\u00e4umlichkeiten \u00fcberzeugen durch modern ausgestattete Schreibtische, flexible Co-Working-Fl\u00e4chen und professionelle Tagungsr\u00e4ume, die produktives Arbeiten in stilvollem Ambiente erm\u00f6glichen. Dar\u00fcber hinaus profitieren\u00a0Young Professionals\u00a0und Gesch\u00e4ftsreisende [&hellip;]<\/p>\n","protected":false},"author":5,"featured_media":0,"parent":0,"menu_order":0,"comment_status":"closed","ping_status":"closed","template":"","meta":{"_acf_changed":false,"_monsterinsights_skip_tracking":false,"_monsterinsights_sitenote_active":false,"_monsterinsights_sitenote_note":"","_monsterinsights_sitenote_category":0,"footnotes":""},"class_list":["post-5411","page","type-page","status-publish","hentry"],"acf":[],"_links":{"self":[{"href":"https:\/\/primestar-hotels.com\/en\/wp-json\/wp\/v2\/pages\/5411","targetHints":{"allow":["GET"]}}],"collection":[{"href":"https:\/\/primestar-hotels.com\/en\/wp-json\/wp\/v2\/pages"}],"about":[{"href":"https:\/\/primestar-hotels.com\/en\/wp-json\/wp\/v2\/types\/page"}],"author":[{"embeddable":true,"href":"https:\/\/primestar-hotels.com\/en\/wp-json\/wp\/v2\/users\/5"}],"replies":[{"embeddable":true,"href":"https:\/\/primestar-hotels.com\/en\/wp-json\/wp\/v2\/comments?post=5411"}],"version-history":[{"count":10,"href":"https:\/\/primestar-hotels.com\/en\/wp-json\/wp\/v2\/pages\/5411\/revisions"}],"predecessor-version":[{"id":7986,"href":"https:\/\/primestar-hotels.com\/en\/wp-json\/wp\/v2\/pages\/5411\/revisions\/7986"}],"wp:attachment":[{"href":"https:\/\/primestar-hotels.com\/en\/wp-json\/wp\/v2\/media?parent=5411"}],"curies":[{"name":"wp","href":"https:\/\/api.w.org\/{rel}","templated":true}]}}