{"id":18,"date":"2020-08-05T16:11:20","date_gmt":"2020-08-05T14:11:20","guid":{"rendered":"https:\/\/primestar-hotels.com\/?page_id=18"},"modified":"2023-05-05T10:11:50","modified_gmt":"2023-05-05T08:11:50","slug":"news","status":"publish","type":"page","link":"https:\/\/primestar-hotels.com\/en\/news\/","title":{"rendered":"News"},"content":{"rendered":"<div data-elementor-type=\"wp-page\" data-elementor-id=\"18\" class=\"elementor elementor-18\" data-elementor-post-type=\"page\">\n\t\t\t\t\t\t<section class=\"elementor-section elementor-top-section elementor-element elementor-element-6e2a5b7 elementor-section-stretched elementor-section-boxed elementor-section-height-default elementor-section-height-default\" data-id=\"6e2a5b7\" data-element_type=\"section\" data-e-type=\"section\" data-settings=\"{&quot;stretch_section&quot;:&quot;section-stretched&quot;}\">\n\t\t\t\t\t\t<div class=\"elementor-container elementor-column-gap-no\">\n\t\t\t\t\t<div class=\"elementor-column elementor-col-100 elementor-top-column elementor-element elementor-element-25964b6\" data-id=\"25964b6\" data-element_type=\"column\" data-e-type=\"column\">\n\t\t\t<div class=\"elementor-widget-wrap\">\n\t\t\t\t\t\t\t<\/div>\n\t\t<\/div>\n\t\t\t\t\t<\/div>\n\t\t<\/section>\n\t\t\t\t<section class=\"elementor-section elementor-top-section elementor-element elementor-element-416b66d7 elementor-section-boxed elementor-section-height-default elementor-section-height-default\" data-id=\"416b66d7\" data-element_type=\"section\" data-e-type=\"section\" data-settings=\"{&quot;background_background&quot;:&quot;classic&quot;}\">\n\t\t\t\t\t\t<div class=\"elementor-container elementor-column-gap-default\">\n\t\t\t\t\t<div class=\"elementor-column elementor-col-100 elementor-top-column elementor-element elementor-element-696af632\" data-id=\"696af632\" data-element_type=\"column\" data-e-type=\"column\">\n\t\t\t<div class=\"elementor-widget-wrap elementor-element-populated\">\n\t\t\t\t\t\t<div class=\"elementor-element elementor-element-2b45cf6c elementor-invisible elementor-widget elementor-widget-heading\" data-id=\"2b45cf6c\" data-element_type=\"widget\" data-e-type=\"widget\" data-settings=\"{&quot;_animation&quot;:&quot;fadeInUp&quot;}\" data-widget_type=\"heading.default\">\n\t\t\t\t<div class=\"elementor-widget-container\">\n\t\t\t\t\t<h3 class=\"elementor-heading-title elementor-size-default\">primestar hospitality<\/h3>\t\t\t\t<\/div>\n\t\t\t\t<\/div>\n\t\t\t\t<div class=\"elementor-element elementor-element-330342c1 elementor-widget__width-auto elementor-widget-tablet__width-inherit elementor-widget-mobile__width-inherit elementor-absolute elementor-widget elementor-widget-heading\" data-id=\"330342c1\" data-element_type=\"widget\" data-e-type=\"widget\" data-settings=\"{&quot;_position&quot;:&quot;absolute&quot;}\" data-widget_type=\"heading.default\">\n\t\t\t\t<div class=\"elementor-widget-container\">\n\t\t\t\t\t<h2 class=\"elementor-heading-title elementor-size-default\">PRESSE &amp; NEWS<\/h2>\t\t\t\t<\/div>\n\t\t\t\t<\/div>\n\t\t\t\t\t<\/div>\n\t\t<\/div>\n\t\t\t\t\t<\/div>\n\t\t<\/section>\n\t\t\t\t<section class=\"elementor-section elementor-top-section elementor-element elementor-element-6529c74 elementor-section-boxed elementor-section-height-default elementor-section-height-default\" data-id=\"6529c74\" data-element_type=\"section\" data-e-type=\"section\">\n\t\t\t\t\t\t<div class=\"elementor-container elementor-column-gap-default\">\n\t\t\t\t\t<div class=\"elementor-column elementor-col-100 elementor-top-column elementor-element elementor-element-221062d\" data-id=\"221062d\" data-element_type=\"column\" data-e-type=\"column\">\n\t\t\t<div class=\"elementor-widget-wrap elementor-element-populated\">\n\t\t\t\t\t\t<div class=\"elementor-element elementor-element-431f480 elementor-grid-1 elementor-grid-tablet-1 elementor-grid-mobile-1 elementor-posts--thumbnail-top elementor-posts__hover-gradient elementor-widget elementor-widget-posts\" data-id=\"431f480\" data-element_type=\"widget\" data-e-type=\"widget\" data-settings=\"{&quot;cards_columns&quot;:&quot;1&quot;,&quot;cards_columns_tablet&quot;:&quot;1&quot;,&quot;cards_row_gap&quot;:{&quot;unit&quot;:&quot;px&quot;,&quot;size&quot;:130,&quot;sizes&quot;:[]},&quot;cards_columns_mobile&quot;:&quot;1&quot;,&quot;cards_row_gap_tablet&quot;:{&quot;unit&quot;:&quot;px&quot;,&quot;size&quot;:&quot;&quot;,&quot;sizes&quot;:[]},&quot;cards_row_gap_mobile&quot;:{&quot;unit&quot;:&quot;px&quot;,&quot;size&quot;:&quot;&quot;,&quot;sizes&quot;:[]}}\" data-widget_type=\"posts.cards\">\n\t\t\t\t<div class=\"elementor-widget-container\">\n\t\t\t\t\t\t\t<div class=\"elementor-posts-container elementor-posts elementor-posts--skin-cards elementor-grid\" role=\"list\">\n\t\t\t\t<article class=\"elementor-post elementor-grid-item post-8254 post type-post status-publish format-standard has-post-thumbnail hentry category-news category-presse\" role=\"listitem\">\n\t\t\t<div class=\"elementor-post__card\">\n\t\t\t\t<a class=\"elementor-post__thumbnail__link\" href=\"https:\/\/primestar-hotels.com\/en\/primestar-june-six-salzburg-eroeffnung\/\" tabindex=\"-1\" ><div class=\"elementor-post__thumbnail\"><img fetchpriority=\"high\" decoding=\"async\" width=\"1344\" height=\"768\" src=\"https:\/\/primestar-hotels.com\/wp-content\/uploads\/2026\/02\/june-six-salzburg-a-tribute-portfolio-hotel-daytime-render.png\" class=\"attachment-full size-full wp-image-8255\" alt=\"\" srcset=\"https:\/\/primestar-hotels.com\/wp-content\/uploads\/2026\/02\/june-six-salzburg-a-tribute-portfolio-hotel-daytime-render.png 1344w, https:\/\/primestar-hotels.com\/wp-content\/uploads\/2026\/02\/june-six-salzburg-a-tribute-portfolio-hotel-daytime-render-300x171.png 300w, https:\/\/primestar-hotels.com\/wp-content\/uploads\/2026\/02\/june-six-salzburg-a-tribute-portfolio-hotel-daytime-render-1024x585.png 1024w, https:\/\/primestar-hotels.com\/wp-content\/uploads\/2026\/02\/june-six-salzburg-a-tribute-portfolio-hotel-daytime-render-768x439.png 768w, https:\/\/primestar-hotels.com\/wp-content\/uploads\/2026\/02\/june-six-salzburg-a-tribute-portfolio-hotel-daytime-render-18x10.png 18w\" sizes=\"(max-width: 1344px) 100vw, 1344px\" \/><\/div><\/a>\n\t\t\t\t<div class=\"elementor-post__text\">\n\t\t\t\t<h3 class=\"elementor-post__title\">\n\t\t\t<a href=\"https:\/\/primestar-hotels.com\/en\/primestar-june-six-salzburg-eroeffnung\/\" >\n\t\t\t\tPRIMESTAR Group opens June Six Salzburg in Strategic Partnership with SORAVIA and Marriott International\t\t\t<\/a>\n\t\t<\/h3>\n\t\t\t\t<div class=\"elementor-post__excerpt\">\n\t\t\t<p>https:\/\/youtu.be\/-YPOmXpieQs Neues June Six Salzburg wird Teil von Marriotts Tribute Portfolio und verbindet unabh\u00e4ngiges Lifestyle-Design der Marke June mit globaler Markenreichweite Salzburg, 27. Februar 2026 \u2013 Die PRIMESTAR Group k\u00fcndigt den n\u00e4chsten wichtigen Meilenstein f\u00fcr ihre Lifestyle-Marke June Six an: die Er\u00f6ffnung des June Six Salzburg \u2013 Tribute Portfolio Hotel am 1. M\u00e4rz 2026. Entwickelt in strategischer Partnerschaft mit SORAVIA wird das neue Haus unter dem Tribute Portfolio von Marriott International gef\u00fchrt und vereint das moderne Lifestyle-Konzept von June Six mit der St\u00e4rke eines der weltweit f\u00fchrenden Hospitality-Netzwerke. Im Herzen von Salzburg gelegen, wird das ehemalige Mayburg Salzburg \u2013 Tribute<\/p>\n\t\t<\/div>\n\t\t\n\t\t<a class=\"elementor-post__read-more\" href=\"https:\/\/primestar-hotels.com\/en\/primestar-june-six-salzburg-eroeffnung\/\" aria-label=\"Read more about PRIMESTAR Group er\u00f6ffnet June Six Salzburg in strategischer Partnerschaft mit SORAVIA Gruppe und Marriott International\" tabindex=\"-1\" >\n\t\t\tmehr lesen &gt;\t\t<\/a>\n\n\t\t\t\t<\/div>\n\t\t\t\t<div class=\"elementor-post__meta-data\">\n\t\t\t\t\t<span class=\"elementor-post-date\">\n\t\t\t27. February 2026\t\t<\/span>\n\t\t\t\t<\/div>\n\t\t\t\t\t<\/div>\n\t\t<\/article>\n\t\t\t\t<article class=\"elementor-post elementor-grid-item post-8168 post type-post status-publish format-standard has-post-thumbnail hentry category-news category-presse\" role=\"listitem\">\n\t\t\t<div class=\"elementor-post__card\">\n\t\t\t\t<a class=\"elementor-post__thumbnail__link\" href=\"https:\/\/primestar-hotels.com\/en\/primestar-group-gewinnt-hotel-prestigeprojekt-im-elbtower\/\" tabindex=\"-1\" ><div class=\"elementor-post__thumbnail\"><img decoding=\"async\" width=\"1920\" height=\"1080\" src=\"https:\/\/primestar-hotels.com\/wp-content\/uploads\/2025\/12\/Elbtower-Hamburg.png\" class=\"attachment-full size-full wp-image-8171\" alt=\"\" srcset=\"https:\/\/primestar-hotels.com\/wp-content\/uploads\/2025\/12\/Elbtower-Hamburg.png 1920w, https:\/\/primestar-hotels.com\/wp-content\/uploads\/2025\/12\/Elbtower-Hamburg-300x169.png 300w, https:\/\/primestar-hotels.com\/wp-content\/uploads\/2025\/12\/Elbtower-Hamburg-1024x576.png 1024w, https:\/\/primestar-hotels.com\/wp-content\/uploads\/2025\/12\/Elbtower-Hamburg-768x432.png 768w, https:\/\/primestar-hotels.com\/wp-content\/uploads\/2025\/12\/Elbtower-Hamburg-1536x864.png 1536w, https:\/\/primestar-hotels.com\/wp-content\/uploads\/2025\/12\/Elbtower-Hamburg-18x10.png 18w\" sizes=\"(max-width: 1920px) 100vw, 1920px\" \/><\/div><\/a>\n\t\t\t\t<div class=\"elementor-post__text\">\n\t\t\t\t<h3 class=\"elementor-post__title\">\n\t\t\t<a href=\"https:\/\/primestar-hotels.com\/en\/primestar-group-gewinnt-hotel-prestigeprojekt-im-elbtower\/\" >\n\t\t\t\tPRIMESTAR Group wins prestigious hotel project in the Elbtower\t\t\t<\/a>\n\t\t<\/h3>\n\t\t\t\t<div class=\"elementor-post__excerpt\">\n\t\t\t<p>Hamburg, 23. Januar 2026 \u2013 Die Entwicklung des Hamburger Elbtower geht in die n\u00e4chste Phase: In dem Prestigeprojekt der Hansestadt wird die PRIMESTAR Group in den n\u00e4chsten Jahren das Hilton Hamburg Elbtower er\u00f6ffnen. Damit ist der international f\u00fchrende Hospitality-Core Brand \u201eHilton\u201c erstmals in der Hansestadt vertreten. Die f\u00fchrende unabh\u00e4ngige Hospitality-Plattform PRIMESTAR Group hat den Zuschlag f\u00fcr das Hotelprojekt in einem der markantesten Hochhausprojekte und Smart City Objektes Deutschlands von dem Investorenkonsortium um Immobilieninvestor Dieter Becken erhalten. Geplant wird das zuk\u00fcnftige High-End-Hotel im Elbtower mit 195 Zimmern und Suiten; er\u00f6ffnet werden soll es bis sp\u00e4testens 2029. F\u00fcr die PRIMESTAR Group markiert<\/p>\n\t\t<\/div>\n\t\t\n\t\t<a class=\"elementor-post__read-more\" href=\"https:\/\/primestar-hotels.com\/en\/primestar-group-gewinnt-hotel-prestigeprojekt-im-elbtower\/\" aria-label=\"Read more about PRIMESTAR Group gewinnt Hotel-Prestigeprojekt im Elbtower\" tabindex=\"-1\" >\n\t\t\tmehr lesen &gt;\t\t<\/a>\n\n\t\t\t\t<\/div>\n\t\t\t\t<div class=\"elementor-post__meta-data\">\n\t\t\t\t\t<span class=\"elementor-post-date\">\n\t\t\t22. January 2026\t\t<\/span>\n\t\t\t\t<\/div>\n\t\t\t\t\t<\/div>\n\t\t<\/article>\n\t\t\t\t<article class=\"elementor-post elementor-grid-item post-8225 post type-post status-publish format-standard has-post-thumbnail hentry category-news category-presse\" role=\"listitem\">\n\t\t\t<div class=\"elementor-post__card\">\n\t\t\t\t<a class=\"elementor-post__thumbnail__link\" href=\"https:\/\/primestar-hotels.com\/en\/primestar-neue-chief-operations-officer\/\" tabindex=\"-1\" ><div class=\"elementor-post__thumbnail\"><img decoding=\"async\" width=\"2240\" height=\"1260\" src=\"https:\/\/primestar-hotels.com\/wp-content\/uploads\/2026\/01\/Boris-Simm-1.png\" class=\"attachment-full size-full wp-image-8242\" alt=\"\" srcset=\"https:\/\/primestar-hotels.com\/wp-content\/uploads\/2026\/01\/Boris-Simm-1.png 2240w, https:\/\/primestar-hotels.com\/wp-content\/uploads\/2026\/01\/Boris-Simm-1-300x169.png 300w, https:\/\/primestar-hotels.com\/wp-content\/uploads\/2026\/01\/Boris-Simm-1-1024x576.png 1024w, https:\/\/primestar-hotels.com\/wp-content\/uploads\/2026\/01\/Boris-Simm-1-768x432.png 768w, https:\/\/primestar-hotels.com\/wp-content\/uploads\/2026\/01\/Boris-Simm-1-1536x864.png 1536w, https:\/\/primestar-hotels.com\/wp-content\/uploads\/2026\/01\/Boris-Simm-1-2048x1152.png 2048w, https:\/\/primestar-hotels.com\/wp-content\/uploads\/2026\/01\/Boris-Simm-1-18x10.png 18w\" sizes=\"(max-width: 2240px) 100vw, 2240px\" \/><\/div><\/a>\n\t\t\t\t<div class=\"elementor-post__text\">\n\t\t\t\t<h3 class=\"elementor-post__title\">\n\t\t\t<a href=\"https:\/\/primestar-hotels.com\/en\/primestar-neue-chief-operations-officer\/\" >\n\t\t\t\tPRIMESTAR Group Appoints Boris Simm to the Management Board\t\t\t<\/a>\n\t\t<\/h3>\n\t\t\t\t<div class=\"elementor-post__excerpt\">\n\t\t\t<p>St\u00e4rkung von operativer Exzellenz, People &amp; Culture und konsequenter Ausbau der Lifestylemarke June Berlin, 16. Januar 2026\u00a0\u2013 Die PRIMESTAR Gruppe erweitert ihre Gesch\u00e4ftsf\u00fchrung und holt mit\u00a0Boris Simm\u00a0eine ausgewiesene F\u00fchrungspers\u00f6nlichkeit neu an Bord: Zum 1. Februar 2026 \u00fcbernimmt er die Position des Gesch\u00e4ftsf\u00fchrers. In seiner neuen Funktion verantwortet er die Bereiche Operations, People &amp; Culture sowie den strategischen Ausbau der Lifestylemarke June. Simm\u00a0kommt neu zur PRIMESTAR Gruppe und bringt umfassende Erfahrungen aus der internationalen Hotellerie mit. Er wechselt von der Ruby Hotels Gruppe, wo er in den vergangenen Jahren ma\u00dfgeblich am Wachstum und an der erfolgreichen Skalierung der Gruppe beteiligt war.<\/p>\n\t\t<\/div>\n\t\t\n\t\t<a class=\"elementor-post__read-more\" href=\"https:\/\/primestar-hotels.com\/en\/primestar-neue-chief-operations-officer\/\" aria-label=\"Read more about PRIMESTAR Gruppe beruft Boris Simm neu in die Gesch\u00e4ftsf\u00fchrung\" tabindex=\"-1\" >\n\t\t\tmehr lesen &gt;\t\t<\/a>\n\n\t\t\t\t<\/div>\n\t\t\t\t<div class=\"elementor-post__meta-data\">\n\t\t\t\t\t<span class=\"elementor-post-date\">\n\t\t\t16. January 2026\t\t<\/span>\n\t\t\t\t<\/div>\n\t\t\t\t\t<\/div>\n\t\t<\/article>\n\t\t\t\t<article class=\"elementor-post elementor-grid-item post-8179 post type-post status-publish format-standard has-post-thumbnail hentry category-news category-presse\" role=\"listitem\">\n\t\t\t<div class=\"elementor-post__card\">\n\t\t\t\t<a class=\"elementor-post__thumbnail__link\" href=\"https:\/\/primestar-hotels.com\/en\/primestar-group-erweitert-ihr-fuehrungsteam-uta-scheurer-wird-chief-people-officer\/\" tabindex=\"-1\" ><div class=\"elementor-post__thumbnail\"><img loading=\"lazy\" decoding=\"async\" width=\"1960\" height=\"1103\" src=\"https:\/\/primestar-hotels.com\/wp-content\/uploads\/2026\/01\/Uta-Scheurer.png\" class=\"attachment-full size-full wp-image-8217\" alt=\"\" srcset=\"https:\/\/primestar-hotels.com\/wp-content\/uploads\/2026\/01\/Uta-Scheurer.png 1960w, https:\/\/primestar-hotels.com\/wp-content\/uploads\/2026\/01\/Uta-Scheurer-300x169.png 300w, https:\/\/primestar-hotels.com\/wp-content\/uploads\/2026\/01\/Uta-Scheurer-1024x576.png 1024w, https:\/\/primestar-hotels.com\/wp-content\/uploads\/2026\/01\/Uta-Scheurer-768x432.png 768w, https:\/\/primestar-hotels.com\/wp-content\/uploads\/2026\/01\/Uta-Scheurer-1536x864.png 1536w, https:\/\/primestar-hotels.com\/wp-content\/uploads\/2026\/01\/Uta-Scheurer-18x10.png 18w\" sizes=\"(max-width: 1960px) 100vw, 1960px\" \/><\/div><\/a>\n\t\t\t\t<div class=\"elementor-post__text\">\n\t\t\t\t<h3 class=\"elementor-post__title\">\n\t\t\t<a href=\"https:\/\/primestar-hotels.com\/en\/primestar-group-erweitert-ihr-fuehrungsteam-uta-scheurer-wird-chief-people-officer\/\" >\n\t\t\t\tPRIMESTAR Group expands its management team: Uta Scheurer becomes Chief People Officer\t\t\t<\/a>\n\t\t<\/h3>\n\t\t\t\t<div class=\"elementor-post__excerpt\">\n\t\t\t<p>\u00a0 Berlin, January 12, 2026 \u2013 The PRIMESTAR Group is consistently continuing its expansion and strengthening its management team as part of its strategic development with an even stronger focus on digitalization and its four core corporate values, the \"4Ps\": People, Passion, Professional, and Progress. Effective January 1, 2026, Uta Scheurer will join the leadership team as Chief People Officer. In this role, she will be responsible for the People &amp; Culture department and will play a key role in further developing the four core values \u200b\u200band strengthening the organizational and corporate culture. Uta Scheurer is looking forward to the new challenge: \"The PRIMESTAR Group is well-positioned for the future.\"<\/p>\n\t\t<\/div>\n\t\t\n\t\t<a class=\"elementor-post__read-more\" href=\"https:\/\/primestar-hotels.com\/en\/primestar-group-erweitert-ihr-fuehrungsteam-uta-scheurer-wird-chief-people-officer\/\" aria-label=\"Read more about PRIMESTAR Group erweitert ihr F\u00fchrungsteam: Uta Scheurer wird Chief People Officer\" tabindex=\"-1\" >\n\t\t\tmehr lesen &gt;\t\t<\/a>\n\n\t\t\t\t<\/div>\n\t\t\t\t<div class=\"elementor-post__meta-data\">\n\t\t\t\t\t<span class=\"elementor-post-date\">\n\t\t\t12. January 2026\t\t<\/span>\n\t\t\t\t<\/div>\n\t\t\t\t\t<\/div>\n\t\t<\/article>\n\t\t\t\t<article class=\"elementor-post elementor-grid-item post-8184 post type-post status-publish format-standard has-post-thumbnail hentry category-news category-presse\" role=\"listitem\">\n\t\t\t<div class=\"elementor-post__card\">\n\t\t\t\t<a class=\"elementor-post__thumbnail__link\" href=\"https:\/\/primestar-hotels.com\/en\/primestars-gala-2025-wien-menschen-hinter-primestar-group\/\" tabindex=\"-1\" ><div class=\"elementor-post__thumbnail\"><img loading=\"lazy\" decoding=\"async\" width=\"2240\" height=\"1260\" src=\"https:\/\/primestar-hotels.com\/wp-content\/uploads\/2026\/01\/1.png\" class=\"attachment-full size-full wp-image-8197\" alt=\"\" srcset=\"https:\/\/primestar-hotels.com\/wp-content\/uploads\/2026\/01\/1.png 2240w, https:\/\/primestar-hotels.com\/wp-content\/uploads\/2026\/01\/1-300x169.png 300w, https:\/\/primestar-hotels.com\/wp-content\/uploads\/2026\/01\/1-1024x576.png 1024w, https:\/\/primestar-hotels.com\/wp-content\/uploads\/2026\/01\/1-768x432.png 768w, https:\/\/primestar-hotels.com\/wp-content\/uploads\/2026\/01\/1-1536x864.png 1536w, https:\/\/primestar-hotels.com\/wp-content\/uploads\/2026\/01\/1-2048x1152.png 2048w, https:\/\/primestar-hotels.com\/wp-content\/uploads\/2026\/01\/1-18x10.png 18w\" sizes=\"(max-width: 2240px) 100vw, 2240px\" \/><\/div><\/a>\n\t\t\t\t<div class=\"elementor-post__text\">\n\t\t\t\t<h3 class=\"elementor-post__title\">\n\t\t\t<a href=\"https:\/\/primestar-hotels.com\/en\/primestars-gala-2025-wien-menschen-hinter-primestar-group\/\" >\n\t\t\t\tPrimeSTARS Gala 2025 in Vienna: We celebrate the people behind the Primestar Group\t\t\t<\/a>\n\t\t<\/h3>\n\t\t\t\t<div class=\"elementor-post__excerpt\">\n\t\t\t<p>Every year, the Primestar Gala is the moment when we pause, look around the room, and realize what truly drives our company forward: our people. This year, we gathered in Vienna for the PrimeSTARS Gala 2025, hosted at the DoubleTree by Hilton Vienna Sch\u00f6nbrunn. A heartfelt thank you to the fantastic team on site\u2014and to Angelo Dallabrida for his hospitality and for making this evening so special: appreciative, personal, and full of genuine joy. But it wasn't just about a gala. In Vienna, General Managers and colleagues from headquarters were also present.<\/p>\n\t\t<\/div>\n\t\t\n\t\t<a class=\"elementor-post__read-more\" href=\"https:\/\/primestar-hotels.com\/en\/primestars-gala-2025-wien-menschen-hinter-primestar-group\/\" aria-label=\"Read more about PrimeSTARS Gala 2025 in Wien: Wir feiern die Menschen hinter der Primestar Group\" tabindex=\"-1\" >\n\t\t\tmehr lesen &gt;\t\t<\/a>\n\n\t\t\t\t<\/div>\n\t\t\t\t<div class=\"elementor-post__meta-data\">\n\t\t\t\t\t<span class=\"elementor-post-date\">\n\t\t\t8. January 2026\t\t<\/span>\n\t\t\t\t<\/div>\n\t\t\t\t\t<\/div>\n\t\t<\/article>\n\t\t\t\t<article class=\"elementor-post elementor-grid-item post-8157 post type-post status-publish format-standard has-post-thumbnail hentry category-news category-presse\" role=\"listitem\">\n\t\t\t<div class=\"elementor-post__card\">\n\t\t\t\t<a class=\"elementor-post__thumbnail__link\" href=\"https:\/\/primestar-hotels.com\/en\/primestar-group-setzt-meilenstein-in-digitaler-guest-journey\/\" tabindex=\"-1\" ><div class=\"elementor-post__thumbnail\"><img loading=\"lazy\" decoding=\"async\" width=\"1920\" height=\"1080\" src=\"https:\/\/primestar-hotels.com\/wp-content\/uploads\/2025\/12\/June-Six-Hannover.png\" class=\"attachment-full size-full wp-image-8162\" alt=\"\" srcset=\"https:\/\/primestar-hotels.com\/wp-content\/uploads\/2025\/12\/June-Six-Hannover.png 1920w, https:\/\/primestar-hotels.com\/wp-content\/uploads\/2025\/12\/June-Six-Hannover-300x169.png 300w, https:\/\/primestar-hotels.com\/wp-content\/uploads\/2025\/12\/June-Six-Hannover-1024x576.png 1024w, https:\/\/primestar-hotels.com\/wp-content\/uploads\/2025\/12\/June-Six-Hannover-768x432.png 768w, https:\/\/primestar-hotels.com\/wp-content\/uploads\/2025\/12\/June-Six-Hannover-1536x864.png 1536w, https:\/\/primestar-hotels.com\/wp-content\/uploads\/2025\/12\/June-Six-Hannover-18x10.png 18w\" sizes=\"(max-width: 1920px) 100vw, 1920px\" \/><\/div><\/a>\n\t\t\t\t<div class=\"elementor-post__text\">\n\t\t\t\t<h3 class=\"elementor-post__title\">\n\t\t\t<a href=\"https:\/\/primestar-hotels.com\/en\/primestar-group-setzt-meilenstein-in-digitaler-guest-journey\/\" >\n\t\t\t\tPRIMESTAR Group sets a milestone in digital guest journey\t\t\t<\/a>\n\t\t<\/h3>\n\t\t\t\t<div class=\"elementor-post__excerpt\">\n\t\t\t<p>As a pioneer in innovation and digitalization, the PRIMESTAR Group is setting a milestone in the hotel industry with its innovative and fully integrated guest journey. The leading independent hospitality platform now offers a state-of-the-art digital guest journey, from online booking and check-in via digital key to secure payment options, real-time integration with the property management system, and a central guest experience platform with IPTV and AI-powered recommendations via Lokalee. All relevant touchpoints have been networked in-house and in collaboration with at-visions and swissnet, resulting in a seamless, intuitive, and personalized guest experience. In addition to greater flexibility and convenience for visitors, the new digital solution offers<\/p>\n\t\t<\/div>\n\t\t\n\t\t<a class=\"elementor-post__read-more\" href=\"https:\/\/primestar-hotels.com\/en\/primestar-group-setzt-meilenstein-in-digitaler-guest-journey\/\" aria-label=\"Read more about PRIMESTAR Group setzt Meilenstein in digitaler Guest Journey\" tabindex=\"-1\" >\n\t\t\tmehr lesen &gt;\t\t<\/a>\n\n\t\t\t\t<\/div>\n\t\t\t\t<div class=\"elementor-post__meta-data\">\n\t\t\t\t\t<span class=\"elementor-post-date\">\n\t\t\t16. December 2025\t\t<\/span>\n\t\t\t\t<\/div>\n\t\t\t\t\t<\/div>\n\t\t<\/article>\n\t\t\t\t<\/div>\n\t\t\n\t\t\t\t\t\t<\/div>\n\t\t\t\t<\/div>\n\t\t\t\t\t<\/div>\n\t\t<\/div>\n\t\t\t\t\t<\/div>\n\t\t<\/section>\n\t\t\t\t<\/div>","protected":false},"excerpt":{"rendered":"<p>primestar hospitality PRESSE &amp; NEWS<\/p>","protected":false},"author":1,"featured_media":0,"parent":0,"menu_order":0,"comment_status":"closed","ping_status":"closed","template":"","meta":{"_acf_changed":false,"_monsterinsights_skip_tracking":false,"_monsterinsights_sitenote_active":false,"_monsterinsights_sitenote_note":"","_monsterinsights_sitenote_category":0,"footnotes":""},"class_list":["post-18","page","type-page","status-publish","hentry"],"acf":[],"_links":{"self":[{"href":"https:\/\/primestar-hotels.com\/en\/wp-json\/wp\/v2\/pages\/18","targetHints":{"allow":["GET"]}}],"collection":[{"href":"https:\/\/primestar-hotels.com\/en\/wp-json\/wp\/v2\/pages"}],"about":[{"href":"https:\/\/primestar-hotels.com\/en\/wp-json\/wp\/v2\/types\/page"}],"author":[{"embeddable":true,"href":"https:\/\/primestar-hotels.com\/en\/wp-json\/wp\/v2\/users\/1"}],"replies":[{"embeddable":true,"href":"https:\/\/primestar-hotels.com\/en\/wp-json\/wp\/v2\/comments?post=18"}],"version-history":[{"count":10,"href":"https:\/\/primestar-hotels.com\/en\/wp-json\/wp\/v2\/pages\/18\/revisions"}],"predecessor-version":[{"id":7075,"href":"https:\/\/primestar-hotels.com\/en\/wp-json\/wp\/v2\/pages\/18\/revisions\/7075"}],"wp:attachment":[{"href":"https:\/\/primestar-hotels.com\/en\/wp-json\/wp\/v2\/media?parent=18"}],"curies":[{"name":"wp","href":"https:\/\/api.w.org\/{rel}","templated":true}]}}